{"id":12291,"date":"2025-08-08T07:16:28","date_gmt":"2025-08-08T05:16:28","guid":{"rendered":"https:\/\/sunsailer.pl\/?page_id=12291"},"modified":"2025-08-08T07:51:20","modified_gmt":"2025-08-08T05:51:20","slug":"galeria","status":"publish","type":"page","link":"https:\/\/sunsailer.pl\/?page_id=12291","title":{"rendered":"GALERIA"},"content":{"rendered":"\t\t<div data-elementor-type=\"wp-page\" data-elementor-id=\"12291\" class=\"elementor elementor-12291\" data-elementor-post-type=\"page\">\n\t\t\t\t<div class=\"elementor-element elementor-element-fa072fe e-grid e-con-full e-con e-parent\" data-id=\"fa072fe\" data-element_type=\"container\" data-e-type=\"container\">\n\t\t\t\t<div class=\"elementor-element elementor-element-13d6a95 elementor-widget elementor-widget-image\" data-id=\"13d6a95\" data-element_type=\"widget\" data-e-type=\"widget\" data-widget_type=\"image.default\">\n\t\t\t\t<div class=\"elementor-widget-container\">\n\t\t\t\t\t\t\t\t\t\t\t\t\t\t\t<img fetchpriority=\"high\" decoding=\"async\" width=\"1920\" height=\"750\" src=\"https:\/\/sunsailer.pl\/wp-content\/uploads\/2025\/08\/sunsailer_top_galeria.jpg\" class=\"attachment-full size-full wp-image-12325\" alt=\"\" srcset=\"https:\/\/sunsailer.pl\/wp-content\/uploads\/2025\/08\/sunsailer_top_galeria.jpg 1920w, https:\/\/sunsailer.pl\/wp-content\/uploads\/2025\/08\/sunsailer_top_galeria-300x117.jpg 300w, https:\/\/sunsailer.pl\/wp-content\/uploads\/2025\/08\/sunsailer_top_galeria-1024x400.jpg 1024w, https:\/\/sunsailer.pl\/wp-content\/uploads\/2025\/08\/sunsailer_top_galeria-768x300.jpg 768w, https:\/\/sunsailer.pl\/wp-content\/uploads\/2025\/08\/sunsailer_top_galeria-1536x600.jpg 1536w\" sizes=\"(max-width: 1920px) 100vw, 1920px\" \/>\t\t\t\t\t\t\t\t\t\t\t\t\t\t\t<\/div>\n\t\t\t\t<\/div>\n\t\t\t\t<\/div>\n\t\t<div class=\"elementor-element elementor-element-7db8b17f e-con-full e-flex e-con e-parent\" data-id=\"7db8b17f\" data-element_type=\"container\" data-e-type=\"container\" data-settings=\"{&quot;background_background&quot;:&quot;classic&quot;}\">\n\t\t\t\t<div class=\"elementor-element elementor-element-139a9465 elementor-cta--skin-cover elementor-cta--valign-top elementor-widget__width-initial elementor-widget elementor-widget-call-to-action\" data-id=\"139a9465\" data-element_type=\"widget\" data-e-type=\"widget\" data-widget_type=\"call-to-action.default\">\n\t\t\t\t<div class=\"elementor-widget-container\">\n\t\t\t\t\t\t\t<div class=\"elementor-cta\">\n\t\t\t\t\t<div class=\"elementor-cta__bg-wrapper\">\n\t\t\t\t<div class=\"elementor-cta__bg elementor-bg\" style=\"background-image: url(https:\/\/sunsailer.pl\/wp-content\/uploads\/2025\/08\/sunsailer_brzeg1.jpg);\" role=\"img\" aria-label=\"sunsailer_brzeg1\"><\/div>\n\t\t\t\t<div class=\"elementor-cta__bg-overlay\"><\/div>\n\t\t\t<\/div>\n\t\t\t\t\t\t\t<div class=\"elementor-cta__content\">\n\t\t\t\t\n\t\t\t\t\t\t\t\t\t<span class=\"elementor-cta__title elementor-cta__content-item elementor-content-item\">\n\t\t\t\t\t\tEkologiczny<br>i cichy\t\t\t\t\t<\/span>\n\t\t\t\t\n\t\t\t\t\t\t\t\t\t<div class=\"elementor-cta__description elementor-cta__content-item elementor-content-item\">\n\t\t\t\t\t\tIdealny na jeziora i strefy ciszy\t\t\t\t\t<\/div>\n\t\t\t\t\n\t\t\t\t\t\t\t<\/div>\n\t\t\t\t\t\t<\/div>\n\t\t\t\t\t\t<\/div>\n\t\t\t\t<\/div>\n\t\t\t\t<div class=\"elementor-element elementor-element-4a0cf722 elementor-cta--skin-cover elementor-cta--valign-top elementor-widget__width-initial elementor-widget elementor-widget-call-to-action\" data-id=\"4a0cf722\" data-element_type=\"widget\" data-e-type=\"widget\" data-widget_type=\"call-to-action.default\">\n\t\t\t\t<div class=\"elementor-widget-container\">\n\t\t\t\t\t\t\t<div class=\"elementor-cta\">\n\t\t\t\t\t<div class=\"elementor-cta__bg-wrapper\">\n\t\t\t\t<div class=\"elementor-cta__bg elementor-bg\" style=\"background-image: url(https:\/\/sunsailer.pl\/wp-content\/uploads\/2025\/08\/sunsailer_zachod1.jpg);\" role=\"img\" aria-label=\"sunsailer_zachod1\"><\/div>\n\t\t\t\t<div class=\"elementor-cta__bg-overlay\"><\/div>\n\t\t\t<\/div>\n\t\t\t\t\t\t\t<div class=\"elementor-cta__content\">\n\t\t\t\t\n\t\t\t\t\t\t\t\t\t<span class=\"elementor-cta__title elementor-cta__content-item elementor-content-item\">\n\t\t\t\t\t\tNowoczesny design\t\t\t\t\t<\/span>\n\t\t\t\t\n\t\t\t\t\t\t\t\t\t<div class=\"elementor-cta__description elementor-cta__content-item elementor-content-item\">\n\t\t\t\t\t\twyr\u00f3\u017cnia go w\u015br\u00f3d innych \u0142odzi\t\t\t\t\t<\/div>\n\t\t\t\t\n\t\t\t\t\t\t\t<\/div>\n\t\t\t\t\t\t<\/div>\n\t\t\t\t\t\t<\/div>\n\t\t\t\t<\/div>\n\t\t\t\t<div class=\"elementor-element elementor-element-3aa64927 elementor-cta--skin-cover elementor-cta--valign-top elementor-widget__width-initial elementor-widget elementor-widget-call-to-action\" data-id=\"3aa64927\" data-element_type=\"widget\" data-e-type=\"widget\" data-widget_type=\"call-to-action.default\">\n\t\t\t\t<div class=\"elementor-widget-container\">\n\t\t\t\t\t\t\t<div class=\"elementor-cta\">\n\t\t\t\t\t<div class=\"elementor-cta__bg-wrapper\">\n\t\t\t\t<div class=\"elementor-cta__bg elementor-bg\" style=\"background-image: url(https:\/\/sunsailer.pl\/wp-content\/uploads\/2025\/08\/sunsailer_wypozycz.jpg);\" role=\"img\" aria-label=\"sunsailer_wypozycz\"><\/div>\n\t\t\t\t<div class=\"elementor-cta__bg-overlay\"><\/div>\n\t\t\t<\/div>\n\t\t\t\t\t\t\t<div class=\"elementor-cta__content\">\n\t\t\t\t\n\t\t\t\t\t\t\t\t\t<span class=\"elementor-cta__title elementor-cta__content-item elementor-content-item\">\n\t\t\t\t\t\t\u0141atwy w obs\u0142udze\t\t\t\t\t<\/span>\n\t\t\t\t\n\t\t\t\t\t\t\t\t\t<div class=\"elementor-cta__description elementor-cta__content-item elementor-content-item\">\n\t\t\t\t\t\tIdealny dla wypo\u017cyczalni\t\t\t\t\t<\/div>\n\t\t\t\t\n\t\t\t\t\t\t\t<\/div>\n\t\t\t\t\t\t<\/div>\n\t\t\t\t\t\t<\/div>\n\t\t\t\t<\/div>\n\t\t\t\t<div class=\"elementor-element elementor-element-6350cbaf elementor-cta--skin-cover elementor-cta--valign-top elementor-widget__width-initial elementor-widget elementor-widget-call-to-action\" data-id=\"6350cbaf\" data-element_type=\"widget\" data-e-type=\"widget\" data-widget_type=\"call-to-action.default\">\n\t\t\t\t<div class=\"elementor-widget-container\">\n\t\t\t\t\t\t\t<div class=\"elementor-cta\">\n\t\t\t\t\t<div class=\"elementor-cta__bg-wrapper\">\n\t\t\t\t<div class=\"elementor-cta__bg elementor-bg\" style=\"background-image: url(https:\/\/sunsailer.pl\/wp-content\/uploads\/2025\/08\/sunsailer_gdansk2.jpg);\" role=\"img\" aria-label=\"sunsailer_gdansk2\"><\/div>\n\t\t\t\t<div class=\"elementor-cta__bg-overlay\"><\/div>\n\t\t\t<\/div>\n\t\t\t\t\t\t\t<div class=\"elementor-cta__content\">\n\t\t\t\t\n\t\t\t\t\t\t\t\t\t<span class=\"elementor-cta__title elementor-cta__content-item elementor-content-item\">\n\t\t\t\t\t\tSamowystarczalny\t\t\t\t\t<\/span>\n\t\t\t\t\n\t\t\t\t\t\t\t\t\t<div class=\"elementor-cta__description elementor-cta__content-item elementor-content-item\">\n\t\t\t\t\t\tpanel solarny 545Wp \t\t\t\t\t<\/div>\n\t\t\t\t\n\t\t\t\t\t\t\t<\/div>\n\t\t\t\t\t\t<\/div>\n\t\t\t\t\t\t<\/div>\n\t\t\t\t<\/div>\n\t\t\t\t<\/div>\n\t\t<div class=\"elementor-element elementor-element-4734dbb e-grid e-con-full e-con e-parent\" data-id=\"4734dbb\" data-element_type=\"container\" data-e-type=\"container\">\n\t\t\t\t<div class=\"elementor-element elementor-element-c5e0384 elementor-widget__width-inherit elementor-widget elementor-widget-image\" data-id=\"c5e0384\" data-element_type=\"widget\" data-e-type=\"widget\" data-widget_type=\"image.default\">\n\t\t\t\t<div class=\"elementor-widget-container\">\n\t\t\t\t\t\t\t\t\t\t\t\t\t\t\t<img decoding=\"async\" width=\"1920\" height=\"1080\" src=\"https:\/\/sunsailer.pl\/wp-content\/uploads\/2025\/08\/sunsailer_gdansk3.jpg\" class=\"attachment-full size-full wp-image-12308\" alt=\"\" srcset=\"https:\/\/sunsailer.pl\/wp-content\/uploads\/2025\/08\/sunsailer_gdansk3.jpg 1920w, https:\/\/sunsailer.pl\/wp-content\/uploads\/2025\/08\/sunsailer_gdansk3-300x169.jpg 300w, https:\/\/sunsailer.pl\/wp-content\/uploads\/2025\/08\/sunsailer_gdansk3-1024x576.jpg 1024w, https:\/\/sunsailer.pl\/wp-content\/uploads\/2025\/08\/sunsailer_gdansk3-768x432.jpg 768w, https:\/\/sunsailer.pl\/wp-content\/uploads\/2025\/08\/sunsailer_gdansk3-1536x864.jpg 1536w\" sizes=\"(max-width: 1920px) 100vw, 1920px\" \/>\t\t\t\t\t\t\t\t\t\t\t\t\t\t\t<\/div>\n\t\t\t\t<\/div>\n\t\t\t\t<div class=\"elementor-element elementor-element-69265e5 elementor-widget elementor-widget-image\" data-id=\"69265e5\" data-element_type=\"widget\" data-e-type=\"widget\" data-widget_type=\"image.default\">\n\t\t\t\t<div class=\"elementor-widget-container\">\n\t\t\t\t\t\t\t\t\t\t\t\t\t\t\t<img decoding=\"async\" width=\"1920\" height=\"1080\" src=\"https:\/\/sunsailer.pl\/wp-content\/uploads\/2025\/08\/sunsailer_ignas.jpg\" class=\"attachment-full size-full wp-image-12307\" alt=\"\" srcset=\"https:\/\/sunsailer.pl\/wp-content\/uploads\/2025\/08\/sunsailer_ignas.jpg 1920w, https:\/\/sunsailer.pl\/wp-content\/uploads\/2025\/08\/sunsailer_ignas-300x169.jpg 300w, https:\/\/sunsailer.pl\/wp-content\/uploads\/2025\/08\/sunsailer_ignas-1024x576.jpg 1024w, https:\/\/sunsailer.pl\/wp-content\/uploads\/2025\/08\/sunsailer_ignas-768x432.jpg 768w, https:\/\/sunsailer.pl\/wp-content\/uploads\/2025\/08\/sunsailer_ignas-1536x864.jpg 1536w\" sizes=\"(max-width: 1920px) 100vw, 1920px\" \/>\t\t\t\t\t\t\t\t\t\t\t\t\t\t\t<\/div>\n\t\t\t\t<\/div>\n\t\t\t\t<div class=\"elementor-element elementor-element-ab19a8d elementor-widget elementor-widget-image\" data-id=\"ab19a8d\" data-element_type=\"widget\" data-e-type=\"widget\" data-widget_type=\"image.default\">\n\t\t\t\t<div class=\"elementor-widget-container\">\n\t\t\t\t\t\t\t\t\t\t\t\t\t\t\t<img loading=\"lazy\" decoding=\"async\" width=\"1920\" height=\"1080\" src=\"https:\/\/sunsailer.pl\/wp-content\/uploads\/2025\/08\/sunsailer_gdansk4.jpg\" class=\"attachment-full size-full wp-image-12306\" alt=\"\" srcset=\"https:\/\/sunsailer.pl\/wp-content\/uploads\/2025\/08\/sunsailer_gdansk4.jpg 1920w, https:\/\/sunsailer.pl\/wp-content\/uploads\/2025\/08\/sunsailer_gdansk4-300x169.jpg 300w, https:\/\/sunsailer.pl\/wp-content\/uploads\/2025\/08\/sunsailer_gdansk4-1024x576.jpg 1024w, https:\/\/sunsailer.pl\/wp-content\/uploads\/2025\/08\/sunsailer_gdansk4-768x432.jpg 768w, https:\/\/sunsailer.pl\/wp-content\/uploads\/2025\/08\/sunsailer_gdansk4-1536x864.jpg 1536w\" sizes=\"(max-width: 1920px) 100vw, 1920px\" \/>\t\t\t\t\t\t\t\t\t\t\t\t\t\t\t<\/div>\n\t\t\t\t<\/div>\n\t\t\t\t<div class=\"elementor-element elementor-element-91016ac elementor-widget elementor-widget-image\" data-id=\"91016ac\" data-element_type=\"widget\" data-e-type=\"widget\" data-widget_type=\"image.default\">\n\t\t\t\t<div class=\"elementor-widget-container\">\n\t\t\t\t\t\t\t\t\t\t\t\t\t\t\t<img loading=\"lazy\" decoding=\"async\" width=\"1920\" height=\"1080\" src=\"https:\/\/sunsailer.pl\/wp-content\/uploads\/2025\/08\/sunsailer_gdansk1.jpg\" class=\"attachment-full size-full wp-image-12309\" alt=\"\" srcset=\"https:\/\/sunsailer.pl\/wp-content\/uploads\/2025\/08\/sunsailer_gdansk1.jpg 1920w, https:\/\/sunsailer.pl\/wp-content\/uploads\/2025\/08\/sunsailer_gdansk1-300x169.jpg 300w, https:\/\/sunsailer.pl\/wp-content\/uploads\/2025\/08\/sunsailer_gdansk1-1024x576.jpg 1024w, https:\/\/sunsailer.pl\/wp-content\/uploads\/2025\/08\/sunsailer_gdansk1-768x432.jpg 768w, https:\/\/sunsailer.pl\/wp-content\/uploads\/2025\/08\/sunsailer_gdansk1-1536x864.jpg 1536w\" sizes=\"(max-width: 1920px) 100vw, 1920px\" \/>\t\t\t\t\t\t\t\t\t\t\t\t\t\t\t<\/div>\n\t\t\t\t<\/div>\n\t\t\t\t<\/div>\n\t\t<div class=\"elementor-element elementor-element-839a5a0 e-grid e-con-full e-con e-parent\" data-id=\"839a5a0\" data-element_type=\"container\" data-e-type=\"container\">\n\t\t\t\t<div class=\"elementor-element elementor-element-07ffa19 elementor-widget elementor-widget-image\" data-id=\"07ffa19\" data-element_type=\"widget\" data-e-type=\"widget\" data-widget_type=\"image.default\">\n\t\t\t\t<div class=\"elementor-widget-container\">\n\t\t\t\t\t\t\t\t\t\t\t\t\t\t\t<img loading=\"lazy\" decoding=\"async\" width=\"1080\" height=\"1920\" src=\"https:\/\/sunsailer.pl\/wp-content\/uploads\/2025\/08\/sunsailer_gdans_pion1.jpg\" class=\"attachment-full size-full wp-image-12318\" alt=\"\" srcset=\"https:\/\/sunsailer.pl\/wp-content\/uploads\/2025\/08\/sunsailer_gdans_pion1.jpg 1080w, https:\/\/sunsailer.pl\/wp-content\/uploads\/2025\/08\/sunsailer_gdans_pion1-169x300.jpg 169w, https:\/\/sunsailer.pl\/wp-content\/uploads\/2025\/08\/sunsailer_gdans_pion1-576x1024.jpg 576w, https:\/\/sunsailer.pl\/wp-content\/uploads\/2025\/08\/sunsailer_gdans_pion1-768x1365.jpg 768w, https:\/\/sunsailer.pl\/wp-content\/uploads\/2025\/08\/sunsailer_gdans_pion1-864x1536.jpg 864w\" sizes=\"(max-width: 1080px) 100vw, 1080px\" \/>\t\t\t\t\t\t\t\t\t\t\t\t\t\t\t<\/div>\n\t\t\t\t<\/div>\n\t\t\t\t<div class=\"elementor-element elementor-element-5786856 elementor-widget elementor-widget-image\" data-id=\"5786856\" data-element_type=\"widget\" data-e-type=\"widget\" data-widget_type=\"image.default\">\n\t\t\t\t<div class=\"elementor-widget-container\">\n\t\t\t\t\t\t\t\t\t\t\t\t\t\t\t<img loading=\"lazy\" decoding=\"async\" width=\"1080\" height=\"1920\" src=\"https:\/\/sunsailer.pl\/wp-content\/uploads\/2025\/08\/sunsailer_gdans_pion2.jpg\" class=\"attachment-full size-full wp-image-12319\" alt=\"\" srcset=\"https:\/\/sunsailer.pl\/wp-content\/uploads\/2025\/08\/sunsailer_gdans_pion2.jpg 1080w, https:\/\/sunsailer.pl\/wp-content\/uploads\/2025\/08\/sunsailer_gdans_pion2-169x300.jpg 169w, https:\/\/sunsailer.pl\/wp-content\/uploads\/2025\/08\/sunsailer_gdans_pion2-576x1024.jpg 576w, https:\/\/sunsailer.pl\/wp-content\/uploads\/2025\/08\/sunsailer_gdans_pion2-768x1365.jpg 768w, https:\/\/sunsailer.pl\/wp-content\/uploads\/2025\/08\/sunsailer_gdans_pion2-864x1536.jpg 864w\" sizes=\"(max-width: 1080px) 100vw, 1080px\" \/>\t\t\t\t\t\t\t\t\t\t\t\t\t\t\t<\/div>\n\t\t\t\t<\/div>\n\t\t\t\t<div class=\"elementor-element elementor-element-6e3582a elementor-widget elementor-widget-image\" data-id=\"6e3582a\" data-element_type=\"widget\" data-e-type=\"widget\" data-widget_type=\"image.default\">\n\t\t\t\t<div class=\"elementor-widget-container\">\n\t\t\t\t\t\t\t\t\t\t\t\t\t\t\t<img loading=\"lazy\" decoding=\"async\" width=\"1080\" height=\"1920\" src=\"https:\/\/sunsailer.pl\/wp-content\/uploads\/2025\/08\/sunsailer_gdans_pion3.jpg\" class=\"attachment-full size-full wp-image-12320\" alt=\"\" srcset=\"https:\/\/sunsailer.pl\/wp-content\/uploads\/2025\/08\/sunsailer_gdans_pion3.jpg 1080w, https:\/\/sunsailer.pl\/wp-content\/uploads\/2025\/08\/sunsailer_gdans_pion3-169x300.jpg 169w, https:\/\/sunsailer.pl\/wp-content\/uploads\/2025\/08\/sunsailer_gdans_pion3-576x1024.jpg 576w, https:\/\/sunsailer.pl\/wp-content\/uploads\/2025\/08\/sunsailer_gdans_pion3-768x1365.jpg 768w, https:\/\/sunsailer.pl\/wp-content\/uploads\/2025\/08\/sunsailer_gdans_pion3-864x1536.jpg 864w\" sizes=\"(max-width: 1080px) 100vw, 1080px\" \/>\t\t\t\t\t\t\t\t\t\t\t\t\t\t\t<\/div>\n\t\t\t\t<\/div>\n\t\t\t\t<\/div>\n\t\t\t\t<\/div>\n\t\t","protected":false},"excerpt":{"rendered":"<p>Ekologicznyi cichy Idealny na jeziora i strefy ciszy Nowoczesny design&hellip;<\/p>\n<p> <a class=\"more-link\" href=\"https:\/\/sunsailer.pl\/?page_id=12291\">Dowiedz si\u0119 wi\u0119cej<\/a><\/p>\n","protected":false},"author":1,"featured_media":0,"parent":0,"menu_order":0,"comment_status":"closed","ping_status":"closed","template":"","meta":{"om_disable_all_campaigns":false,"footnotes":""},"class_list":["post-12291","page","type-page","status-publish"],"aioseo_notices":[],"_links":{"self":[{"href":"https:\/\/sunsailer.pl\/index.php?rest_route=\/wp\/v2\/pages\/12291","targetHints":{"allow":["GET"]}}],"collection":[{"href":"https:\/\/sunsailer.pl\/index.php?rest_route=\/wp\/v2\/pages"}],"about":[{"href":"https:\/\/sunsailer.pl\/index.php?rest_route=\/wp\/v2\/types\/page"}],"author":[{"embeddable":true,"href":"https:\/\/sunsailer.pl\/index.php?rest_route=\/wp\/v2\/users\/1"}],"replies":[{"embeddable":true,"href":"https:\/\/sunsailer.pl\/index.php?rest_route=%2Fwp%2Fv2%2Fcomments&post=12291"}],"version-history":[{"count":16,"href":"https:\/\/sunsailer.pl\/index.php?rest_route=\/wp\/v2\/pages\/12291\/revisions"}],"predecessor-version":[{"id":12331,"href":"https:\/\/sunsailer.pl\/index.php?rest_route=\/wp\/v2\/pages\/12291\/revisions\/12331"}],"wp:attachment":[{"href":"https:\/\/sunsailer.pl\/index.php?rest_route=%2Fwp%2Fv2%2Fmedia&parent=12291"}],"curies":[{"name":"wp","href":"https:\/\/api.w.org\/{rel}","templated":true}]}}