{"id":12100,"date":"2024-06-30T18:02:31","date_gmt":"2024-06-30T18:02:31","guid":{"rendered":"https:\/\/sunsailer.eu\/?page_id=12100"},"modified":"2024-06-30T18:02:31","modified_gmt":"2024-06-30T18:02:31","slug":"faq","status":"publish","type":"page","link":"https:\/\/sunsailer.pl\/?page_id=12100","title":{"rendered":"FAQ"},"content":{"rendered":"\t\t<div data-elementor-type=\"wp-page\" data-elementor-id=\"12100\" class=\"elementor elementor-12100\" data-elementor-post-type=\"page\">\n\t\t\t\t<div class=\"elementor-element elementor-element-2770a607 e-flex e-con-boxed e-con e-parent\" data-id=\"2770a607\" data-element_type=\"container\" data-e-type=\"container\" data-settings=\"{&quot;background_background&quot;:&quot;classic&quot;}\">\n\t\t\t\t\t<div class=\"e-con-inner\">\n\t\t\t\t<div class=\"elementor-element elementor-element-68a0e412 elementor-widget elementor-widget-heading\" data-id=\"68a0e412\" data-element_type=\"widget\" data-e-type=\"widget\" data-widget_type=\"heading.default\">\n\t\t\t\t<div class=\"elementor-widget-container\">\n\t\t\t\t\t<h2 class=\"elementor-heading-title elementor-size-default\">FAQ<\/h2>\t\t\t\t<\/div>\n\t\t\t\t<\/div>\n\t\t\t\t<div class=\"elementor-element elementor-element-d0dd5fa elementor-widget elementor-widget-text-editor\" data-id=\"d0dd5fa\" data-element_type=\"widget\" data-e-type=\"widget\" data-widget_type=\"text-editor.default\">\n\t\t\t\t<div class=\"elementor-widget-container\">\n\t\t\t\t\t\t\t\t\t<p>Witajcie. Z my\u015bl\u0105 o tych, kt\u00f3rzy nie przeczytali instrukcji przygotowali\u015bmy t\u0105 sekcj\u0119 by rozwi\u0105za\u0107 typowe problemy, jakie na co dzie\u0144 zdarzaj\u0105 si\u0119 u\u017cytkownikom naszych \u0142odzi.<\/p><p>Nie my\u015blcie, \u017ce w ten spos\u00f3b unikamy kontaktu &#8211; wr\u0119cz przeciwnie &#8211; lubimy rozmawia\u0107 z klientami, s\u0142ucha\u0107 Waszych pomys\u0142\u00f3w, rad, wskaz\u00f3wek. To w\u0142a\u015bnie dzi\u0119ki Waszym uwagom SUNSAILER dzisiaj jest taki jaki jest &#8211; wiele z funkcjonalno\u015bci podpowiedzieli\u015bcie nam sami &#8211; za to Wam serdecznie dzi\u0119kujemy.<\/p><p>Je\u017celi nie znalaz\u0142e\u015b tutaj odpowiedzi na swoje pytania &#8211; \u015bmia\u0142o &#8211; dzwo\u0144 lub pisz.\u00a0<\/p>\t\t\t\t\t\t\t\t<\/div>\n\t\t\t\t<\/div>\n\t\t<div class=\"elementor-element elementor-element-4208c62f e-con-full e-flex e-con e-child\" data-id=\"4208c62f\" data-element_type=\"container\" data-e-type=\"container\">\n\t\t\t\t<div class=\"elementor-element elementor-element-3d1413fc elementor-widget__width-initial elementor-widget-tablet__width-inherit elementor-widget elementor-widget-toggle\" data-id=\"3d1413fc\" data-element_type=\"widget\" data-e-type=\"widget\" data-widget_type=\"toggle.default\">\n\t\t\t\t<div class=\"elementor-widget-container\">\n\t\t\t\t\t\t\t<div class=\"elementor-toggle\">\n\t\t\t\t\t\t\t<div class=\"elementor-toggle-item\">\n\t\t\t\t\t<h4 id=\"elementor-tab-title-1021\" class=\"elementor-tab-title\" data-tab=\"1\" role=\"button\" aria-controls=\"elementor-tab-content-1021\" aria-expanded=\"false\">\n\t\t\t\t\t\t\t\t\t\t\t\t<a class=\"elementor-toggle-title\" tabindex=\"0\">Jak d\u0142ugo mog\u0119 p\u0142ywa\u0107 SUNSAILEREM<\/a>\n\t\t\t\t\t<\/h4>\n\n\t\t\t\t\t<div id=\"elementor-tab-content-1021\" class=\"elementor-tab-content elementor-clearfix\" data-tab=\"1\" role=\"region\" aria-labelledby=\"elementor-tab-title-1021\"><p>To zale\u017cy od czynnik\u00f3w takich jak wiatr, nurt, poziom na\u0142adowania baterii, pogoda. Przy za\u0142o\u017ceniu, \u017ce p\u0142ywasz po akwenie typu jezioro, przy s\u0142onecznej pogodzie i korzystasz z ok. 50% mocy silnika &#8211; mo\u017cesz cieszy\u0107 si\u0119 swobod\u0105 i p\u0142ywa\u0107 ca\u0142y dzie\u0144. Je\u015bli za\u015b u\u017cywasz pe\u0142nej mocy &#8211; licz si\u0119 z tym, \u017ce czas p\u0142ywania mo\u017ce ulec skr\u00f3ceniu do ok. 2 godzin.\u00a0<\/p><p>Obserwuj wska\u017anik na\u0142adowania akumulatora w joysticku &#8211; je\u015bli za\u015bwieci si\u0119 czerwona dioda &#8211; wracaj do kei.<\/p><\/div>\n\t\t\t\t<\/div>\n\t\t\t\t\t\t\t<div class=\"elementor-toggle-item\">\n\t\t\t\t\t<h4 id=\"elementor-tab-title-1022\" class=\"elementor-tab-title\" data-tab=\"2\" role=\"button\" aria-controls=\"elementor-tab-content-1022\" aria-expanded=\"false\">\n\t\t\t\t\t\t\t\t\t\t\t\t<a class=\"elementor-toggle-title\" tabindex=\"0\">Silnik piszczy ca\u0142y czas<\/a>\n\t\t\t\t\t<\/h4>\n\n\t\t\t\t\t<div id=\"elementor-tab-content-1022\" class=\"elementor-tab-content elementor-clearfix\" data-tab=\"2\" role=\"region\" aria-labelledby=\"elementor-tab-title-1022\"><p>Sprawd\u017a d\u017awigni\u0119 manetki mocy &#8211; najprawdopodobniej nie jest ustawiona w pozycji STOP. Po zmianie pozycji silnik powinien wyda\u0107 3 kr\u00f3tkie sygna\u0142y i wej\u015b\u0107 w stan gotowo\u015bci.<\/p><p>Je\u015bli jednak nadal piszczy &#8211; mo\u017ce to by\u0107 spowodowane g\u0142\u0119bokim roz\u0142adowaniem akumulator\u00f3w i konieczno\u015bci\u0105 ich oddzielnego na\u0142adowania.<\/p><\/div>\n\t\t\t\t<\/div>\n\t\t\t\t\t\t\t<div class=\"elementor-toggle-item\">\n\t\t\t\t\t<h4 id=\"elementor-tab-title-1023\" class=\"elementor-tab-title\" data-tab=\"3\" role=\"button\" aria-controls=\"elementor-tab-content-1023\" aria-expanded=\"false\">\n\t\t\t\t\t\t\t\t\t\t\t\t<a class=\"elementor-toggle-title\" tabindex=\"0\">Czy SUNSAILERA trzeba \u0142adowa\u0107?<\/a>\n\t\t\t\t\t<\/h4>\n\n\t\t\t\t\t<div id=\"elementor-tab-content-1023\" class=\"elementor-tab-content elementor-clearfix\" data-tab=\"3\" role=\"region\" aria-labelledby=\"elementor-tab-title-1023\"><p>Zazwyczaj nie. Sterownik \u0142adowania akumulatora monitoruje poziom energii ca\u0142y czas i w razie potrzeby do\u0142adowuje go natychmiast.\u00a0<\/p><p>Mo\u017ce si\u0119 jednak zdarzy\u0107 sytuacja, \u017ce poprzedni klient p\u0142ywa\u0142 na 100% mocy kilka godzin a przy pochmurnej pogodzie \u0142adowanie jest wolniejsze.\u00a0<\/p><p>Niemniej jednak &#8211; jest to bardzo rzadki przypadek.<\/p><\/div>\n\t\t\t\t<\/div>\n\t\t\t\t\t\t\t<div class=\"elementor-toggle-item\">\n\t\t\t\t\t<h4 id=\"elementor-tab-title-1024\" class=\"elementor-tab-title\" data-tab=\"4\" role=\"button\" aria-controls=\"elementor-tab-content-1024\" aria-expanded=\"false\">\n\t\t\t\t\t\t\t\t\t\t\t\t<a class=\"elementor-toggle-title\" tabindex=\"0\">Czy trzeba mie\u0107 patent by p\u0142ywa\u0107 SUNSAILEREM?<\/a>\n\t\t\t\t\t<\/h4>\n\n\t\t\t\t\t<div id=\"elementor-tab-content-1024\" class=\"elementor-tab-content elementor-clearfix\" data-tab=\"4\" role=\"region\" aria-labelledby=\"elementor-tab-title-1024\"><p>Nie. Nie trzeba.\u00a0<\/p><\/div>\n\t\t\t\t<\/div>\n\t\t\t\t\t\t\t\t<\/div>\n\t\t\t\t\t\t<\/div>\n\t\t\t\t<\/div>\n\t\t\t\t<div class=\"elementor-element elementor-element-13e1ad21 elementor-widget__width-initial elementor-widget-tablet__width-inherit elementor-widget elementor-widget-toggle\" data-id=\"13e1ad21\" data-element_type=\"widget\" data-e-type=\"widget\" data-widget_type=\"toggle.default\">\n\t\t\t\t<div class=\"elementor-widget-container\">\n\t\t\t\t\t\t\t<div class=\"elementor-toggle\">\n\t\t\t\t\t\t\t<div class=\"elementor-toggle-item\">\n\t\t\t\t\t<h4 id=\"elementor-tab-title-3331\" class=\"elementor-tab-title\" data-tab=\"1\" role=\"button\" aria-controls=\"elementor-tab-content-3331\" aria-expanded=\"false\">\n\t\t\t\t\t\t\t\t\t\t\t\t<a class=\"elementor-toggle-title\" tabindex=\"0\">Jak w\u0142\u0105czy\u0107 muzyk\u0119 z g\u0142o\u015bnik\u00f3w?<\/a>\n\t\t\t\t\t<\/h4>\n\n\t\t\t\t\t<div id=\"elementor-tab-content-3331\" class=\"elementor-tab-content elementor-clearfix\" data-tab=\"1\" role=\"region\" aria-labelledby=\"elementor-tab-title-3331\"><p>W ustawieniach Bluetooth wyszukaj urz\u0105dzenie XSpecialAudio. Sparuj je z telefonem.<\/p><p>Od teraz mo\u017cesz ju\u017c s\u0142ucha\u0107 muzyki bezpo\u015brednio ze swojego telefonu. G\u0142o\u015bno\u015bci\u0105 sterujesz za pomoc\u0105 przycisk\u00f3w w telefonie.<\/p><p>Pami\u0119taj o dobrych manierach i je\u015bli p\u0142ywasz nieopodal \u0142owisk w\u0119dkarzy \u015bcisz muzyk\u0119 by nie przeszkadza\u0107 innym u\u017cytkownikom akwenu.<\/p><\/div>\n\t\t\t\t<\/div>\n\t\t\t\t\t\t\t<div class=\"elementor-toggle-item\">\n\t\t\t\t\t<h4 id=\"elementor-tab-title-3332\" class=\"elementor-tab-title\" data-tab=\"2\" role=\"button\" aria-controls=\"elementor-tab-content-3332\" aria-expanded=\"false\">\n\t\t\t\t\t\t\t\t\t\t\t\t<a class=\"elementor-toggle-title\" tabindex=\"0\">Co gdy jednak zabraknie energii?<\/a>\n\t\t\t\t\t<\/h4>\n\n\t\t\t\t\t<div id=\"elementor-tab-content-3332\" class=\"elementor-tab-content elementor-clearfix\" data-tab=\"2\" role=\"region\" aria-labelledby=\"elementor-tab-title-3332\"><p>Nie panikuj. Je\u015bli pogoda jest w miar\u0119 s\u0142oneczna &#8211; poczekaj jaki\u015b czas. Sterownik do\u0142aduje akumulatory i b\u0119dziesz m\u00f3g\u0142 p\u0142yn\u0105\u0107 dalej.<\/p><\/div>\n\t\t\t\t<\/div>\n\t\t\t\t\t\t\t<div class=\"elementor-toggle-item\">\n\t\t\t\t\t<h4 id=\"elementor-tab-title-3333\" class=\"elementor-tab-title\" data-tab=\"3\" role=\"button\" aria-controls=\"elementor-tab-content-3333\" aria-expanded=\"false\">\n\t\t\t\t\t\t\t\t\t\t\t\t<a class=\"elementor-toggle-title\" tabindex=\"0\">Silnik dzia\u0142a ale \u0142\u00f3d\u017a nie p\u0142ynie i co\u015b chrz\u0119\u015bci w silniku.<\/a>\n\t\t\t\t\t<\/h4>\n\n\t\t\t\t\t<div id=\"elementor-tab-content-3333\" class=\"elementor-tab-content elementor-clearfix\" data-tab=\"3\" role=\"region\" aria-labelledby=\"elementor-tab-title-3333\"><p>Najprawdopodobniej uderzy\u0142e\u015b \u015brub\u0105 w jaki\u015b twardy przedmiot &#8211; kamie\u0144, stalow\u0105 lin\u0119 itp. W takim przypadku mog\u0142o doj\u015b\u0107 do zerwania zabezpieczenia silnika &#8211; jest to trzpie\u0144 stalowy ulokowany bezpo\u015brednio pod \u015brub\u0105 nap\u0119dow\u0105.<\/p><p>Co musisz zrobi\u0107:<br \/>&#8211; we\u017a klucz w formie pokr\u0119t\u0142a plastikowego znajduj\u0105cy si\u0119 w baki\u015bcie i odkr\u0119\u0107 nakr\u0119tk\u0119 ze \u015bruby. Zdejmij \u015brub\u0119.<br \/>&#8211; za\u0142\u00f3\u017c nowy trzpie\u0144 na o\u015b silnika wk\u0142adaj\u0105c go w otw\u00f3r w osi.<br \/>&#8211; za\u0142\u00f3\u017c z powrotem \u015brub\u0119 i zakr\u0119\u0107 nakr\u0119tk\u0119.<\/p><p>Powodzenia.<\/p><\/div>\n\t\t\t\t<\/div>\n\t\t\t\t\t\t\t<div class=\"elementor-toggle-item\">\n\t\t\t\t\t<h4 id=\"elementor-tab-title-3334\" class=\"elementor-tab-title\" data-tab=\"4\" role=\"button\" aria-controls=\"elementor-tab-content-3334\" aria-expanded=\"false\">\n\t\t\t\t\t\t\t\t\t\t\t\t<a class=\"elementor-toggle-title\" tabindex=\"0\">Silnik ca\u0142y czas si\u0119 wy\u0142\u0105cza i piszczy.<\/a>\n\t\t\t\t\t<\/h4>\n\n\t\t\t\t\t<div id=\"elementor-tab-content-3334\" class=\"elementor-tab-content elementor-clearfix\" data-tab=\"4\" role=\"region\" aria-labelledby=\"elementor-tab-title-3334\"><p>Sprawd\u017a czy na \u015brub\u0119 nie nawin\u0119\u0142y si\u0119 jakie\u015b ro\u015bliny, ga\u0142\u0119zie lub \u017cy\u0142ka w\u0119dkarska.\u00a0<\/p><p>Silnik posiada zabezpieczenie przeci\u0105\u017ceniowe by unikn\u0105\u0107 spalenia si\u0119 obwod\u00f3w.<\/p><p>Po usuni\u0119ciu blokuj\u0105cych \u015brub\u0119 element\u00f3w silnik powinien wr\u00f3ci\u0107 do normalnej pracy.\u00a0<\/p><p>Dla bezpiecze\u0144stwa wy\u0142\u0105cz silnik za pomoc\u0105 bezpiecznika znajduj\u0105cego si\u0119 na paw\u0119rzy.<\/p><\/div>\n\t\t\t\t<\/div>\n\t\t\t\t\t\t\t\t<\/div>\n\t\t\t\t\t\t<\/div>\n\t\t\t\t<\/div>\n\t\t\t\t<\/div>\n\t\t\t\t\t<\/div>\n\t\t\t\t<\/div>\n\t\t<div class=\"elementor-element elementor-element-e8efad2 e-flex e-con-boxed e-con e-parent\" data-id=\"e8efad2\" data-element_type=\"container\" data-e-type=\"container\">\n\t\t\t\t\t<div class=\"e-con-inner\">\n\t\t\t\t<div class=\"elementor-element elementor-element-f51de78 elementor-widget elementor-widget-text-editor\" data-id=\"f51de78\" data-element_type=\"widget\" data-e-type=\"widget\" data-widget_type=\"text-editor.default\">\n\t\t\t\t<div class=\"elementor-widget-container\">\n\t\t\t\t\t\t\t\t\t<p>Je\u015bli masz jakie\u015b pytania na kt\u00f3re nie znalaz\u0142e\u015b tutaj odpowiedzi napisz do nas lub zadzwo\u0144. Kontakty znajdziesz <a href=\"https:\/\/sunsailer.eu\/contact\/\">TUTAJ<\/a><\/p>\t\t\t\t\t\t\t\t<\/div>\n\t\t\t\t<\/div>\n\t\t\t\t\t<\/div>\n\t\t\t\t<\/div>\n\t\t\t\t<\/div>\n\t\t","protected":false},"excerpt":{"rendered":"<p>FAQ Witajcie. Z my\u015bl\u0105 o tych, kt\u00f3rzy nie przeczytali instrukcji&hellip;<\/p>\n<p> <a class=\"more-link\" href=\"https:\/\/sunsailer.pl\/?page_id=12100\">Dowiedz si\u0119 wi\u0119cej<\/a><\/p>\n","protected":false},"author":1,"featured_media":0,"parent":0,"menu_order":0,"comment_status":"closed","ping_status":"closed","template":"","meta":{"om_disable_all_campaigns":false,"footnotes":""},"class_list":["post-12100","page","type-page","status-publish"],"aioseo_notices":[],"_links":{"self":[{"href":"https:\/\/sunsailer.pl\/index.php?rest_route=\/wp\/v2\/pages\/12100","targetHints":{"allow":["GET"]}}],"collection":[{"href":"https:\/\/sunsailer.pl\/index.php?rest_route=\/wp\/v2\/pages"}],"about":[{"href":"https:\/\/sunsailer.pl\/index.php?rest_route=\/wp\/v2\/types\/page"}],"author":[{"embeddable":true,"href":"https:\/\/sunsailer.pl\/index.php?rest_route=\/wp\/v2\/users\/1"}],"replies":[{"embeddable":true,"href":"https:\/\/sunsailer.pl\/index.php?rest_route=%2Fwp%2Fv2%2Fcomments&post=12100"}],"version-history":[{"count":0,"href":"https:\/\/sunsailer.pl\/index.php?rest_route=\/wp\/v2\/pages\/12100\/revisions"}],"wp:attachment":[{"href":"https:\/\/sunsailer.pl\/index.php?rest_route=%2Fwp%2Fv2%2Fmedia&parent=12100"}],"curies":[{"name":"wp","href":"https:\/\/api.w.org\/{rel}","templated":true}]}}