{"id":12079,"date":"2024-06-30T17:25:28","date_gmt":"2024-06-30T17:25:28","guid":{"rendered":"https:\/\/sunsailer.eu\/?page_id=12079"},"modified":"2024-06-30T17:25:28","modified_gmt":"2024-06-30T17:25:28","slug":"zamawiam","status":"publish","type":"page","link":"https:\/\/sunsailer.pl\/?page_id=12079","title":{"rendered":"ZAMAWIAM SUNSAILERa"},"content":{"rendered":"\t\t<div data-elementor-type=\"wp-page\" data-elementor-id=\"12079\" class=\"elementor elementor-12079\" data-elementor-post-type=\"page\">\n\t\t\t\t<div class=\"elementor-element elementor-element-9dcef38 e-con-full e-flex e-con e-parent\" data-id=\"9dcef38\" data-element_type=\"container\" data-e-type=\"container\" data-settings=\"{&quot;background_background&quot;:&quot;classic&quot;}\">\n\t\t\t\t<\/div>\n\t\t<div class=\"elementor-element elementor-element-960c571 e-grid e-con-boxed e-con e-parent\" data-id=\"960c571\" data-element_type=\"container\" data-e-type=\"container\">\n\t\t\t\t\t<div class=\"e-con-inner\">\n\t\t\t\t<div class=\"elementor-element elementor-element-272e72b elementor-button-align-stretch elementor-widget elementor-widget-form\" data-id=\"272e72b\" data-element_type=\"widget\" data-e-type=\"widget\" data-settings=\"{&quot;step_icon_shape&quot;:&quot;square&quot;,&quot;button_width&quot;:&quot;100&quot;,&quot;step_type&quot;:&quot;number_text&quot;}\" data-widget_type=\"form.default\">\n\t\t\t\t<div class=\"elementor-widget-container\">\n\t\t\t\t\t\t\t<form class=\"elementor-form\" method=\"post\" id=\"form_zamowienie\" name=\"New Form\" aria-label=\"New Form\">\n\t\t\t<input type=\"hidden\" name=\"post_id\" value=\"12079\"\/>\n\t\t\t<input type=\"hidden\" name=\"form_id\" value=\"272e72b\"\/>\n\t\t\t<input type=\"hidden\" name=\"referer_title\" value=\"ZAMAWIAM SUNSAILERa - SUNSAILER\" \/>\n\n\t\t\t\t\t\t\t<input type=\"hidden\" name=\"queried_id\" value=\"12079\"\/>\n\t\t\t\n\t\t\t<div class=\"elementor-form-fields-wrapper elementor-labels-above\">\n\t\t\t\t\t\t\t\t<div class=\"elementor-field-type-text elementor-field-group elementor-column elementor-field-group-name elementor-col-100 elementor-field-required elementor-mark-required\">\n\t\t\t\t\t\t\t\t\t\t\t\t<label for=\"form-field-name\" class=\"elementor-field-label\">\n\t\t\t\t\t\t\t\tImi\u0119 i Nazwisko\t\t\t\t\t\t\t<\/label>\n\t\t\t\t\t\t\t\t\t\t\t\t\t\t<input size=\"1\" type=\"text\" name=\"form_fields[name]\" id=\"form-field-name\" class=\"elementor-field elementor-size-sm  elementor-field-textual\" placeholder=\"Name\" required=\"required\">\n\t\t\t\t\t\t\t\t\t\t\t<\/div>\n\t\t\t\t\t\t\t\t<div class=\"elementor-field-type-email elementor-field-group elementor-column elementor-field-group-email elementor-col-100 elementor-field-required elementor-mark-required\">\n\t\t\t\t\t\t\t\t\t\t\t\t<label for=\"form-field-email\" class=\"elementor-field-label\">\n\t\t\t\t\t\t\t\tAdres E-mail\t\t\t\t\t\t\t<\/label>\n\t\t\t\t\t\t\t\t\t\t\t\t\t\t<input size=\"1\" type=\"email\" name=\"form_fields[email]\" id=\"form-field-email\" class=\"elementor-field elementor-size-sm  elementor-field-textual\" placeholder=\"E-mail\" required=\"required\">\n\t\t\t\t\t\t\t\t\t\t\t<\/div>\n\t\t\t\t\t\t\t\t<div class=\"elementor-field-type-text elementor-field-group elementor-column elementor-field-group-nazwa_firmy elementor-col-100\">\n\t\t\t\t\t\t\t\t\t\t\t\t<label for=\"form-field-nazwa_firmy\" class=\"elementor-field-label\">\n\t\t\t\t\t\t\t\tNazwa firmy\t\t\t\t\t\t\t<\/label>\n\t\t\t\t\t\t\t\t\t\t\t\t\t\t<input size=\"1\" type=\"text\" name=\"form_fields[nazwa_firmy]\" id=\"form-field-nazwa_firmy\" class=\"elementor-field elementor-size-sm  elementor-field-textual\" placeholder=\"Nazwa firmy\">\n\t\t\t\t\t\t\t\t\t\t\t<\/div>\n\t\t\t\t\t\t\t\t<div class=\"elementor-field-type-text elementor-field-group elementor-column elementor-field-group-adres elementor-col-100 elementor-field-required elementor-mark-required\">\n\t\t\t\t\t\t\t\t\t\t\t\t<label for=\"form-field-adres\" class=\"elementor-field-label\">\n\t\t\t\t\t\t\t\tAdres \t\t\t\t\t\t\t<\/label>\n\t\t\t\t\t\t\t\t\t\t\t\t\t\t<input size=\"1\" type=\"text\" name=\"form_fields[adres]\" id=\"form-field-adres\" class=\"elementor-field elementor-size-sm  elementor-field-textual\" placeholder=\"(kod, miejscowo\u015b\u0107, ulica)\" required=\"required\">\n\t\t\t\t\t\t\t\t\t\t\t<\/div>\n\t\t\t\t\t\t\t\t<div class=\"elementor-field-type-text elementor-field-group elementor-column elementor-field-group-NIP elementor-col-100\">\n\t\t\t\t\t\t\t\t\t\t\t\t<label for=\"form-field-NIP\" class=\"elementor-field-label\">\n\t\t\t\t\t\t\t\tNumer NIP\t\t\t\t\t\t\t<\/label>\n\t\t\t\t\t\t\t\t\t\t\t\t\t\t<input size=\"1\" type=\"text\" name=\"form_fields[NIP]\" id=\"form-field-NIP\" class=\"elementor-field elementor-size-sm  elementor-field-textual\" placeholder=\"NIP\">\n\t\t\t\t\t\t\t\t\t\t\t<\/div>\n\t\t\t\t\t\t\t\t<div class=\"elementor-field-type-select elementor-field-group elementor-column elementor-field-group-field_9f5415b elementor-col-100 elementor-field-required elementor-mark-required\">\n\t\t\t\t\t\t\t\t\t\t\t\t<label for=\"form-field-field_9f5415b\" class=\"elementor-field-label\">\n\t\t\t\t\t\t\t\tFinansowanie\t\t\t\t\t\t\t<\/label>\n\t\t\t\t\t\t\t\t<div class=\"elementor-field elementor-select-wrapper remove-before \">\n\t\t\t<div class=\"select-caret-down-wrapper\">\n\t\t\t\t<svg aria-hidden=\"true\" class=\"e-font-icon-svg e-eicon-caret-down\" viewBox=\"0 0 571.4 571.4\" xmlns=\"http:\/\/www.w3.org\/2000\/svg\"><path d=\"M571 393Q571 407 561 418L311 668Q300 679 286 679T261 668L11 418Q0 407 0 393T11 368 36 357H536Q550 357 561 368T571 393Z\"><\/path><\/svg>\t\t\t<\/div>\n\t\t\t<select name=\"form_fields[field_9f5415b]\" id=\"form-field-field_9f5415b\" class=\"elementor-field-textual elementor-size-sm\" required=\"required\">\n\t\t\t\t\t\t\t\t\t<option value=\"\u015arodki w\u0142asne\">\u015arodki w\u0142asne<\/option>\n\t\t\t\t\t\t\t\t\t<option value=\"Leasing\">Leasing<\/option>\n\t\t\t\t\t\t\t\t\t<option value=\"Kredyt\">Kredyt<\/option>\n\t\t\t\t\t\t\t<\/select>\n\t\t<\/div>\n\t\t\t\t\t\t<\/div>\n\t\t\t\t\t\t\t\t<div class=\"elementor-field-type-select elementor-field-group elementor-column elementor-field-group-przyczepa elementor-col-100 elementor-field-required elementor-mark-required\">\n\t\t\t\t\t\t\t\t\t\t\t\t<label for=\"form-field-przyczepa\" class=\"elementor-field-label\">\n\t\t\t\t\t\t\t\tPrzyczepa? (+7200 z\u0142)\t\t\t\t\t\t\t<\/label>\n\t\t\t\t\t\t\t\t<div class=\"elementor-field elementor-select-wrapper remove-before \">\n\t\t\t<div class=\"select-caret-down-wrapper\">\n\t\t\t\t<svg aria-hidden=\"true\" class=\"e-font-icon-svg e-eicon-caret-down\" viewBox=\"0 0 571.4 571.4\" xmlns=\"http:\/\/www.w3.org\/2000\/svg\"><path d=\"M571 393Q571 407 561 418L311 668Q300 679 286 679T261 668L11 418Q0 407 0 393T11 368 36 357H536Q550 357 561 368T571 393Z\"><\/path><\/svg>\t\t\t<\/div>\n\t\t\t<select name=\"form_fields[przyczepa]\" id=\"form-field-przyczepa\" class=\"elementor-field-textual elementor-size-sm\" required=\"required\">\n\t\t\t\t\t\t\t\t\t<option value=\"TAK\">TAK<\/option>\n\t\t\t\t\t\t\t\t\t<option value=\"NIE\">NIE<\/option>\n\t\t\t\t\t\t\t<\/select>\n\t\t<\/div>\n\t\t\t\t\t\t<\/div>\n\t\t\t\t\t\t\t\t<div class=\"elementor-field-type-select elementor-field-group elementor-column elementor-field-group-oparcia elementor-col-100 elementor-field-required elementor-mark-required\">\n\t\t\t\t\t\t\t\t\t\t\t\t<label for=\"form-field-oparcia\" class=\"elementor-field-label\">\n\t\t\t\t\t\t\t\tDodatkowe oparcia na sundecku? (+1200 z\u0142)\t\t\t\t\t\t\t<\/label>\n\t\t\t\t\t\t\t\t<div class=\"elementor-field elementor-select-wrapper remove-before \">\n\t\t\t<div class=\"select-caret-down-wrapper\">\n\t\t\t\t<svg aria-hidden=\"true\" class=\"e-font-icon-svg e-eicon-caret-down\" viewBox=\"0 0 571.4 571.4\" xmlns=\"http:\/\/www.w3.org\/2000\/svg\"><path d=\"M571 393Q571 407 561 418L311 668Q300 679 286 679T261 668L11 418Q0 407 0 393T11 368 36 357H536Q550 357 561 368T571 393Z\"><\/path><\/svg>\t\t\t<\/div>\n\t\t\t<select name=\"form_fields[oparcia]\" id=\"form-field-oparcia\" class=\"elementor-field-textual elementor-size-sm\" required=\"required\">\n\t\t\t\t\t\t\t\t\t<option value=\"TAK\">TAK<\/option>\n\t\t\t\t\t\t\t\t\t<option value=\"NIE\">NIE<\/option>\n\t\t\t\t\t\t\t<\/select>\n\t\t<\/div>\n\t\t\t\t\t\t<\/div>\n\t\t\t\t\t\t\t\t<div class=\"elementor-field-type-select elementor-field-group elementor-column elementor-field-group-pokrowiec elementor-col-100 elementor-field-required elementor-mark-required\">\n\t\t\t\t\t\t\t\t\t\t\t\t<label for=\"form-field-pokrowiec\" class=\"elementor-field-label\">\n\t\t\t\t\t\t\t\tPokrowiec (+900 z\u0142)\t\t\t\t\t\t\t<\/label>\n\t\t\t\t\t\t\t\t<div class=\"elementor-field elementor-select-wrapper remove-before \">\n\t\t\t<div class=\"select-caret-down-wrapper\">\n\t\t\t\t<svg aria-hidden=\"true\" class=\"e-font-icon-svg e-eicon-caret-down\" viewBox=\"0 0 571.4 571.4\" xmlns=\"http:\/\/www.w3.org\/2000\/svg\"><path d=\"M571 393Q571 407 561 418L311 668Q300 679 286 679T261 668L11 418Q0 407 0 393T11 368 36 357H536Q550 357 561 368T571 393Z\"><\/path><\/svg>\t\t\t<\/div>\n\t\t\t<select name=\"form_fields[pokrowiec]\" id=\"form-field-pokrowiec\" class=\"elementor-field-textual elementor-size-sm\" required=\"required\">\n\t\t\t\t\t\t\t\t\t<option value=\"TAK\">TAK<\/option>\n\t\t\t\t\t\t\t\t\t<option value=\"NIE\">NIE<\/option>\n\t\t\t\t\t\t\t<\/select>\n\t\t<\/div>\n\t\t\t\t\t\t<\/div>\n\t\t\t\t\t\t\t\t<div class=\"elementor-field-type-select elementor-field-group elementor-column elementor-field-group-field_9b26566 elementor-col-100 elementor-field-required elementor-mark-required\">\n\t\t\t\t\t\t\t\t\t\t\t\t<label for=\"form-field-field_9b26566\" class=\"elementor-field-label\">\n\t\t\t\t\t\t\t\tDrabinka (+900 z\u0142)\t\t\t\t\t\t\t<\/label>\n\t\t\t\t\t\t\t\t<div class=\"elementor-field elementor-select-wrapper remove-before \">\n\t\t\t<div class=\"select-caret-down-wrapper\">\n\t\t\t\t<svg aria-hidden=\"true\" class=\"e-font-icon-svg e-eicon-caret-down\" viewBox=\"0 0 571.4 571.4\" xmlns=\"http:\/\/www.w3.org\/2000\/svg\"><path d=\"M571 393Q571 407 561 418L311 668Q300 679 286 679T261 668L11 418Q0 407 0 393T11 368 36 357H536Q550 357 561 368T571 393Z\"><\/path><\/svg>\t\t\t<\/div>\n\t\t\t<select name=\"form_fields[field_9b26566]\" id=\"form-field-field_9b26566\" class=\"elementor-field-textual elementor-size-sm\" required=\"required\">\n\t\t\t\t\t\t\t\t\t<option value=\"TAK\">TAK<\/option>\n\t\t\t\t\t\t\t\t\t<option value=\"NIE\">NIE<\/option>\n\t\t\t\t\t\t\t<\/select>\n\t\t<\/div>\n\t\t\t\t\t\t<\/div>\n\t\t\t\t\t\t\t\t<div class=\"elementor-field-type-textarea elementor-field-group elementor-column elementor-field-group-uwagi elementor-col-100\">\n\t\t\t\t\t\t\t\t\t\t\t\t<label for=\"form-field-uwagi\" class=\"elementor-field-label\">\n\t\t\t\t\t\t\t\tDodatkowe uwagi\t\t\t\t\t\t\t<\/label>\n\t\t\t\t\t\t<textarea class=\"elementor-field-textual elementor-field  elementor-size-sm\" name=\"form_fields[uwagi]\" id=\"form-field-uwagi\" rows=\"4\" placeholder=\"(kod, miejscowo\u015b\u0107, ulica)\"><\/textarea>\t\t\t\t<\/div>\n\t\t\t\t\t\t\t\t<div class=\"elementor-field-group elementor-column elementor-field-type-submit elementor-col-100 e-form__buttons\">\n\t\t\t\t\t<button class=\"elementor-button elementor-size-md\" type=\"submit\">\n\t\t\t\t\t\t<span class=\"elementor-button-content-wrapper\">\n\t\t\t\t\t\t\t\t\t\t\t\t\t\t\t\t\t\t\t\t\t\t<span class=\"elementor-button-text\">Wy\u015blij zam\u00f3wienie<\/span>\n\t\t\t\t\t\t\t\t\t\t\t\t\t<\/span>\n\t\t\t\t\t<\/button>\n\t\t\t\t<\/div>\n\t\t\t<\/div>\n\t\t<\/form>\n\t\t\t\t\t\t<\/div>\n\t\t\t\t<\/div>\n\t\t<div class=\"elementor-element elementor-element-8782736 e-con-full e-grid e-con e-child\" data-id=\"8782736\" data-element_type=\"container\" data-e-type=\"container\">\n\t\t\t\t<div class=\"elementor-element elementor-element-ef12dab elementor-widget elementor-widget-text-editor\" data-id=\"ef12dab\" data-element_type=\"widget\" data-e-type=\"widget\" data-widget_type=\"text-editor.default\">\n\t\t\t\t<div class=\"elementor-widget-container\">\n\t\t\t\t\t\t\t\t\t<h3><strong>DZI\u0118KUJEMY ZA WYB\u00d3R SUNSAILERA<\/strong><\/h3><p>Prosimy odpowiedz na pytania z formularza zamieszczonego obok. W ci\u0105gu 24 godzin prze\u015blemy do Ciebie przygotowan\u0105 umow\u0119 zakupu z danymi, kt\u00f3re podasz w formularzu. Wystarczy j\u0105 podpisa\u0107, zeskanowa\u0107 i odes\u0142a\u0107 do nas. <b>Akceptujemy podpis elektroniczny.<\/b><\/p><p>Nast\u0119pnym krokiem b\u0119dzie op\u0142acenie faktury proforma, kt\u00f3r\u0105 prze\u015blemy po otrzymaniu umowy. <b>B\u0119dziesz mia\u0142 na to 7 dni.<\/b><\/p><p>Po otrzymaniu potwierdzenia uregulowania p\u0142atno\u015bci rozpoczynamy produkcj\u0119 Twojego SUNSAILERA.<\/p><p><strong>UWAGA!!!<\/strong><br \/>Elementy takie jak drabinka wymagaj\u0105 wzmocnienia wewn\u0105trz kad\u0142uba i nie mo\u017cna ich dom\u00f3wi\u0107 ju\u017c po wykonaniu \u0142odzi.<br \/>Przyczepa wymaga zlecenia na zewn\u0105trz i czas oczekiwania to ok. 6 tygodni.<\/p>\t\t\t\t\t\t\t\t<\/div>\n\t\t\t\t<\/div>\n\t\t\t\t<div class=\"elementor-element elementor-element-3e47272 elementor-widget elementor-widget-image\" data-id=\"3e47272\" data-element_type=\"widget\" data-e-type=\"widget\" data-widget_type=\"image.default\">\n\t\t\t\t<div class=\"elementor-widget-container\">\n\t\t\t\t\t\t\t\t\t\t\t\t\t\t\t<img fetchpriority=\"high\" decoding=\"async\" width=\"800\" height=\"518\" src=\"https:\/\/sunsailer.pl\/wp-content\/uploads\/2024\/06\/sunsailer_czysty-1024x663.png\" class=\"attachment-large size-large wp-image-12088\" alt=\"\" srcset=\"https:\/\/sunsailer.pl\/wp-content\/uploads\/2024\/06\/sunsailer_czysty-1024x663.png 1024w, https:\/\/sunsailer.pl\/wp-content\/uploads\/2024\/06\/sunsailer_czysty-300x194.png 300w, https:\/\/sunsailer.pl\/wp-content\/uploads\/2024\/06\/sunsailer_czysty-768x497.png 768w, https:\/\/sunsailer.pl\/wp-content\/uploads\/2024\/06\/sunsailer_czysty-1536x995.png 1536w, https:\/\/sunsailer.pl\/wp-content\/uploads\/2024\/06\/sunsailer_czysty.png 2000w\" sizes=\"(max-width: 800px) 100vw, 800px\" \/>\t\t\t\t\t\t\t\t\t\t\t\t\t\t\t<\/div>\n\t\t\t\t<\/div>\n\t\t\t\t<div class=\"elementor-element elementor-element-0527b80 elementor-widget elementor-widget-image\" data-id=\"0527b80\" data-element_type=\"widget\" data-e-type=\"widget\" data-widget_type=\"image.default\">\n\t\t\t\t<div class=\"elementor-widget-container\">\n\t\t\t\t\t\t\t\t\t\t\t\t\t\t\t<img decoding=\"async\" width=\"800\" height=\"462\" src=\"https:\/\/sunsailer.pl\/wp-content\/uploads\/2024\/06\/sunsailer_z_przyczepa-1024x591.png\" class=\"attachment-large size-large wp-image-12092\" alt=\"\" srcset=\"https:\/\/sunsailer.pl\/wp-content\/uploads\/2024\/06\/sunsailer_z_przyczepa-1024x591.png 1024w, https:\/\/sunsailer.pl\/wp-content\/uploads\/2024\/06\/sunsailer_z_przyczepa-300x173.png 300w, https:\/\/sunsailer.pl\/wp-content\/uploads\/2024\/06\/sunsailer_z_przyczepa-768x444.png 768w, https:\/\/sunsailer.pl\/wp-content\/uploads\/2024\/06\/sunsailer_z_przyczepa-1536x887.png 1536w, https:\/\/sunsailer.pl\/wp-content\/uploads\/2024\/06\/sunsailer_z_przyczepa.png 2000w\" sizes=\"(max-width: 800px) 100vw, 800px\" \/>\t\t\t\t\t\t\t\t\t\t\t\t\t\t\t<\/div>\n\t\t\t\t<\/div>\n\t\t\t\t<\/div>\n\t\t\t\t\t<\/div>\n\t\t\t\t<\/div>\n\t\t<div class=\"elementor-element elementor-element-89a8275 e-flex e-con-boxed e-con e-parent\" data-id=\"89a8275\" data-element_type=\"container\" data-e-type=\"container\">\n\t\t\t\t\t<div class=\"e-con-inner\">\n\t\t\t\t\t<\/div>\n\t\t\t\t<\/div>\n\t\t\t\t<\/div>\n\t\t","protected":false},"excerpt":{"rendered":"<p>DZI\u0118KUJEMY ZA WYB\u00d3R SUNSAILERA Prosimy odpowiedz na pytania z formularza&hellip;<\/p>\n<p> <a class=\"more-link\" href=\"https:\/\/sunsailer.pl\/?page_id=12079\">Dowiedz si\u0119 wi\u0119cej<\/a><\/p>\n","protected":false},"author":1,"featured_media":0,"parent":0,"menu_order":0,"comment_status":"closed","ping_status":"closed","template":"","meta":{"om_disable_all_campaigns":false,"footnotes":""},"class_list":["post-12079","page","type-page","status-publish"],"aioseo_notices":[],"_links":{"self":[{"href":"https:\/\/sunsailer.pl\/index.php?rest_route=\/wp\/v2\/pages\/12079","targetHints":{"allow":["GET"]}}],"collection":[{"href":"https:\/\/sunsailer.pl\/index.php?rest_route=\/wp\/v2\/pages"}],"about":[{"href":"https:\/\/sunsailer.pl\/index.php?rest_route=\/wp\/v2\/types\/page"}],"author":[{"embeddable":true,"href":"https:\/\/sunsailer.pl\/index.php?rest_route=\/wp\/v2\/users\/1"}],"replies":[{"embeddable":true,"href":"https:\/\/sunsailer.pl\/index.php?rest_route=%2Fwp%2Fv2%2Fcomments&post=12079"}],"version-history":[{"count":0,"href":"https:\/\/sunsailer.pl\/index.php?rest_route=\/wp\/v2\/pages\/12079\/revisions"}],"wp:attachment":[{"href":"https:\/\/sunsailer.pl\/index.php?rest_route=%2Fwp%2Fv2%2Fmedia&parent=12079"}],"curies":[{"name":"wp","href":"https:\/\/api.w.org\/{rel}","templated":true}]}}